{"id":236,"date":"2019-08-31T17:00:17","date_gmt":"2019-08-31T15:00:17","guid":{"rendered":"http:\/\/alert-mosina.pl\/?page_id=236"},"modified":"2019-08-31T17:00:17","modified_gmt":"2019-08-31T15:00:17","slug":"problemy-z-powiadomieniami","status":"publish","type":"page","link":"https:\/\/alert-mosina.pl\/index.php\/problemy-z-powiadomieniami\/","title":{"rendered":"Problemy z powiadomieniami."},"content":{"rendered":"<p>Problemy z powiadomieniami.<\/p>\n<p>Je\u015bli po instalacji aplikacji zgodzi\u0142e\u015b si\u0119 na wy\u0142\u0105czenie optymalizacji baterii i nadal nie otrzymujesz powiadomie\u0144 lub otrzymujesz je tylko gdy w\u0142\u0105czysz aplikacj\u0119 spr\u00f3buj r\u0119cznie doda\u0107 aplikacj\u0119 do tzw. whitelist -&gt; Ze wzgl\u0119du na polityk\u0119 Android i producent\u00f3w telefon\u00f3w aplikacje s\u0105 zarz\u0105dzane przez systemowy menager oszcz\u0119dzania baterii, kt\u00f3ry domy\u015blnie wy\u0142\u0105cza dzia\u0142anie w tle. Aby aplikacja mog\u0142a przesy\u0142a\u0107 alerty wymaga w\u0142\u0105czenia zgody na powiadomienia, wy\u0142\u0105czenia optymalizacji u\u017cycia baterii i dost\u0119p do transmisji danych nawet gdy urz\u0105dzenie jest u\u015bpione. U niekt\u00f3rych producent\u00f3w nie da si\u0119 tego zrobi\u0107 z poziomu aplikacji, a niekt\u00f3re decyzje maj\u0105 by\u0107 \u015bwiadomie podj\u0119te przez u\u017cytkownika(polityka android). W tym celu trzeba przej\u015b\u0107 do zak\u0142adki Ustawienia i tam odpowiednio ustawi\u0107 parametry aplikacji. Na urz\u0105dzeniach r\u00f3\u017cnych firm mo\u017ce to wygl\u0105da\u0107 inaczej. Szczeg\u00f3\u0142owe informacje dotycz\u0105ce twojego telefonu mo\u017cna znale\u017a\u0107 w google. Pod linkiem <a href=\"https:\/\/www.makeuseof.com\/tag\/android-notification-fixes\/?fbclid=IwAR0BRUYCZxZ84kWaak7DbMKOXdQ3bunV3j6-OG0LxRVE4qi4P7GO1DoJ9CE\" target=\"_blank\" rel=\"nofollow noopener noreferrer\" data-lynx-mode=\"hover\" data-lynx-uri=\"https:\/\/l.facebook.com\/l.php?u=https%3A%2F%2Fwww.makeuseof.com%2Ftag%2Fandroid-notification-fixes%2F%3Ffbclid%3DIwAR0BRUYCZxZ84kWaak7DbMKOXdQ3bunV3j6-OG0LxRVE4qi4P7GO1DoJ9CE&amp;h=AT1cE5FGY-6gsYJc4WC7IRS2QPio1Lb9MhngFAOps_ryJf3xWnFaOzSt8e_moHUkq0DGWp1luJlJ8nr8KulkMekuHnFhgndQoM2bndCSHGXZ6Q8uPE3iRGFRwmIqiRQQQIjyMA\">https:\/\/www.makeuseof.com\/tag\/android-notification-fixes\/<\/a> jest przyk\u0142adowy opis jak to zrobi\u0107. Nadal dok\u0142adamy wszelkich stara\u0144 aby aplikacja dzia\u0142a\u0142a poprawnie na wszystkich urz\u0105dzeniach i by\u0142a zgodna z polityk\u0105.<\/p>\n","protected":false},"excerpt":{"rendered":"<p>Problemy z powiadomieniami. Je\u015bli po instalacji aplikacji zgodzi\u0142e\u015b si\u0119 na wy\u0142\u0105czenie optymalizacji baterii i nadal nie otrzymujesz powiadomie\u0144 lub otrzymujesz<\/p>\n","protected":false},"author":1,"featured_media":0,"parent":0,"menu_order":0,"comment_status":"closed","ping_status":"closed","template":"","meta":{"_monsterinsights_skip_tracking":false,"_monsterinsights_sitenote_active":false,"_monsterinsights_sitenote_note":"","_monsterinsights_sitenote_category":0},"_links":{"self":[{"href":"https:\/\/alert-mosina.pl\/index.php\/wp-json\/wp\/v2\/pages\/236"}],"collection":[{"href":"https:\/\/alert-mosina.pl\/index.php\/wp-json\/wp\/v2\/pages"}],"about":[{"href":"https:\/\/alert-mosina.pl\/index.php\/wp-json\/wp\/v2\/types\/page"}],"author":[{"embeddable":true,"href":"https:\/\/alert-mosina.pl\/index.php\/wp-json\/wp\/v2\/users\/1"}],"replies":[{"embeddable":true,"href":"https:\/\/alert-mosina.pl\/index.php\/wp-json\/wp\/v2\/comments?post=236"}],"version-history":[{"count":1,"href":"https:\/\/alert-mosina.pl\/index.php\/wp-json\/wp\/v2\/pages\/236\/revisions"}],"predecessor-version":[{"id":237,"href":"https:\/\/alert-mosina.pl\/index.php\/wp-json\/wp\/v2\/pages\/236\/revisions\/237"}],"wp:attachment":[{"href":"https:\/\/alert-mosina.pl\/index.php\/wp-json\/wp\/v2\/media?parent=236"}],"curies":[{"name":"wp","href":"https:\/\/api.w.org\/{rel}","templated":true}]}}