{"id":238,"date":"2019-08-31T17:02:22","date_gmt":"2019-08-31T15:02:22","guid":{"rendered":"http:\/\/alert-mosina.pl\/?page_id=238"},"modified":"2019-08-31T17:02:22","modified_gmt":"2019-08-31T15:02:22","slug":"aplikacja","status":"publish","type":"page","link":"https:\/\/alert-mosina.pl\/index.php\/aplikacja\/","title":{"rendered":"Aplikacja"},"content":{"rendered":"<p>Zapraszamy do sklepu play aby pobra\u0107 bezp\u0142atnie nasz\u0105 aplikacj\u0119 do powiadamiania. W wyszukiwarce wystarczy wpisa\u0107 Alert Mosina<\/p>\n","protected":false},"excerpt":{"rendered":"<p>Zapraszamy do sklepu play aby pobra\u0107 bezp\u0142atnie nasz\u0105 aplikacj\u0119 do powiadamiania. W wyszukiwarce wystarczy wpisa\u0107 Alert Mosina<\/p>\n","protected":false},"author":1,"featured_media":0,"parent":0,"menu_order":0,"comment_status":"closed","ping_status":"closed","template":"","meta":{"_monsterinsights_skip_tracking":false,"_monsterinsights_sitenote_active":false,"_monsterinsights_sitenote_note":"","_monsterinsights_sitenote_category":0},"_links":{"self":[{"href":"https:\/\/alert-mosina.pl\/index.php\/wp-json\/wp\/v2\/pages\/238"}],"collection":[{"href":"https:\/\/alert-mosina.pl\/index.php\/wp-json\/wp\/v2\/pages"}],"about":[{"href":"https:\/\/alert-mosina.pl\/index.php\/wp-json\/wp\/v2\/types\/page"}],"author":[{"embeddable":true,"href":"https:\/\/alert-mosina.pl\/index.php\/wp-json\/wp\/v2\/users\/1"}],"replies":[{"embeddable":true,"href":"https:\/\/alert-mosina.pl\/index.php\/wp-json\/wp\/v2\/comments?post=238"}],"version-history":[{"count":1,"href":"https:\/\/alert-mosina.pl\/index.php\/wp-json\/wp\/v2\/pages\/238\/revisions"}],"predecessor-version":[{"id":239,"href":"https:\/\/alert-mosina.pl\/index.php\/wp-json\/wp\/v2\/pages\/238\/revisions\/239"}],"wp:attachment":[{"href":"https:\/\/alert-mosina.pl\/index.php\/wp-json\/wp\/v2\/media?parent=238"}],"curies":[{"name":"wp","href":"https:\/\/api.w.org\/{rel}","templated":true}]}}