{"id":45,"date":"2019-08-17T15:06:04","date_gmt":"2019-08-17T13:06:04","guid":{"rendered":"http:\/\/alert-mosina.pl\/?page_id=45"},"modified":"2019-08-17T15:06:04","modified_gmt":"2019-08-17T13:06:04","slug":"o-nas","status":"publish","type":"page","link":"https:\/\/alert-mosina.pl\/index.php\/o-nas\/","title":{"rendered":"O nas"},"content":{"rendered":"<div class=\"_2cuy _3dgx _2vxa\">Strona z informacjami oraz alertami meteorologicznymi dla Mosiny i okolic.<\/div>\n<div class=\"_2cuy _3dgx _2vxa\">Zrzeszamy osoby z okolic posiadaj\u0105ce r\u00f3\u017cnego rodzaju stacje pogodowe, oraz pasjonuj\u0105ce si\u0119 analizami i przewidywaniem zjawisk meteorologicznych. Dzi\u0119ki temu na podstawie wymiany danych podajemy prognozy i raporty o aktualnym stanie pogody. W zale\u017cno\u015bci od mo\u017cliwo\u015bci danych stacji podawane b\u0119d\u0105 takie dane jak:<\/div>\n<div class=\"_2cuy _3dgx _2vxa\">-temperatura<\/div>\n<div class=\"_2cuy _3dgx _2vxa\">-wilgotno\u015b\u0107<\/div>\n<div class=\"_2cuy _3dgx _2vxa\">-kierunek i pr\u0119dko\u015b\u0107 wiatru<\/div>\n<div class=\"_2cuy _3dgx _2vxa\">-ilo\u015b\u0107 zarejestrowanych opad\u00f3w<\/div>\n<div class=\"_2cuy _3dgx _2vxa\">-ci\u015bnienie atmosferyczne i jego tendencja<\/div>\n<div class=\"_2cuy _3dgx _2vxa\">-punkt rosy<\/div>\n<div><\/div>\n<div>Posiadamy swoj\u0105 aplikacj\u0119 mobiln\u0105, dzi\u0119ki kt\u00f3rej b\u0119d\u0105 Pa\u0144stwo zawsze na bie\u017c\u0105co.<\/div>\n","protected":false},"excerpt":{"rendered":"<p>Strona z informacjami oraz alertami meteorologicznymi dla Mosiny i okolic. Zrzeszamy osoby z okolic posiadaj\u0105ce r\u00f3\u017cnego rodzaju stacje pogodowe, oraz<\/p>\n","protected":false},"author":1,"featured_media":0,"parent":0,"menu_order":0,"comment_status":"closed","ping_status":"closed","template":"","meta":{"_monsterinsights_skip_tracking":false,"_monsterinsights_sitenote_active":false,"_monsterinsights_sitenote_note":"","_monsterinsights_sitenote_category":0},"_links":{"self":[{"href":"https:\/\/alert-mosina.pl\/index.php\/wp-json\/wp\/v2\/pages\/45"}],"collection":[{"href":"https:\/\/alert-mosina.pl\/index.php\/wp-json\/wp\/v2\/pages"}],"about":[{"href":"https:\/\/alert-mosina.pl\/index.php\/wp-json\/wp\/v2\/types\/page"}],"author":[{"embeddable":true,"href":"https:\/\/alert-mosina.pl\/index.php\/wp-json\/wp\/v2\/users\/1"}],"replies":[{"embeddable":true,"href":"https:\/\/alert-mosina.pl\/index.php\/wp-json\/wp\/v2\/comments?post=45"}],"version-history":[{"count":1,"href":"https:\/\/alert-mosina.pl\/index.php\/wp-json\/wp\/v2\/pages\/45\/revisions"}],"predecessor-version":[{"id":46,"href":"https:\/\/alert-mosina.pl\/index.php\/wp-json\/wp\/v2\/pages\/45\/revisions\/46"}],"wp:attachment":[{"href":"https:\/\/alert-mosina.pl\/index.php\/wp-json\/wp\/v2\/media?parent=45"}],"curies":[{"name":"wp","href":"https:\/\/api.w.org\/{rel}","templated":true}]}}